{"id":2583,"date":"2021-11-27T19:33:40","date_gmt":"2021-11-27T19:33:40","guid":{"rendered":"https:\/\/www.raziyekubat.com\/?page_id=2583"},"modified":"2025-02-23T17:43:24","modified_gmt":"2025-02-23T17:43:24","slug":"hakkimda","status":"publish","type":"page","link":"https:\/\/www.raziyekubat.com\/tr?page_id=2583","title":{"rendered":"Hakk\u0131mda"},"content":{"rendered":"<p>[vc_row][vc_column][vc_column_text][\/vc_column_text][\/vc_column][\/vc_row][vc_row cth_layout=&#8221;aboutme_sec&#8221; css=&#8221;.vc_custom_1637609993035{background-color: #aaaaaa !important;}&#8221;][vc_column offset=&#8221;vc_col-md-5&#8243;][vc_single_image image=&#8221;4176&#8243; img_size=&#8221;full&#8221;][\/vc_column][vc_column offset=&#8221;vc_col-md-6&#8243;][vc_column_text][\/vc_column_text][vc_column_text]<\/p>\r\n<h2>Hakk\u0131mda<\/h2>\r\n<div class=\"separator\"><\/div>\r\n<div class=\"clearfix\"><\/div>\r\n<p><strong>Raziye Kubat<\/strong> Kubat, Malatya&#8217;da do\u011fdu. 1989 y\u0131l\u0131nda Mimar Sinan G\u00fczel Sanatlar \u00dcniversitesi Resim B\u00f6l\u00fcm\u00fc&#8217;nden mezun oldu. Yurt i\u00e7i ve yurt d\u0131\u015f\u0131nda bir\u00e7ok ki\u015fisel sergi a\u00e7t\u0131 ve grup sergilerine kat\u0131ld\u0131. Halen ba\u011f\u0131ms\u0131z sanat\u00e7\u0131 olarak \u00e7al\u0131\u015fmalar\u0131n\u0131 \u0130stanbul\u2019da s\u00fcrd\u00fcrmektedir.[\/vc_column_text][\/vc_column][\/vc_row][vc_row full_height=&#8221;yes&#8221; cth_layout=&#8221;aboutme_sec&#8221; css=&#8221;.vc_custom_1637611696878{background-color: #aaaaaa !important;}&#8221;][vc_column offset=&#8221;vc_col-lg-offset-0 vc_col-lg-12 vc_col-md-6&#8243;][vc_column_text]<\/p>\r\n<h2>Baz\u0131 Ki\u015fisel Sergiler<\/h2>\r\n<p>2024 \u2013 TA\u015eKAFA \u2013 ZAMAN YOLCUSU \u2013 Merdiven Art Space, Kabata\u015f, TR<br \/>2021 \u2013 GECE U\u00c7U\u015eU- T\u00fct\u00fcn Deposu, Tophane, TR<br \/>2017 &#8212; IRGAT- Gallery Apel, stanbul, TR<br \/>2014 \u2013 \u00c7A\u011eRILMAYAN YUSUF- Hayaka Art\u0131, Istanbul, TR<br \/>2012 \u2013 S\u00dcR\u00dcLENLER\u0130N N\u0130NN\u0130S\u0130- Kefken Cave, Kefken, TR<br \/>2012 \u2013 \u0130\u00c7 CEPHE- Gallery Art Suites, Istanbul, TR<br \/>2009 \u2013 BANA MASAL ANLATMA! &#8211; Gallery Apel, Istanbul, TR<br \/>1997 \u2013 KO\u015e ZAZ\u0130 KO\u015e- Gallery Apel \/ Istanbul<br \/>1997 &#8212; \u0130S\u0130MS\u0130Z- Intercultural Foreigners Center Stadt Gent, Belgium<br \/>1997 &#8212; \u0130S\u0130MS\u0130Z- Cemal Re\u015fit Rey Concert Hall, Istanbul<br \/>1995 &#8212; \u0130S\u0130MS\u0130Z- K\u00f6ln Turkish Cultural Center \/ Germany<br \/>1992 &#8212; \u0130S\u0130MS\u0130Z- Darmstadt Fachhochschule \/ Germany<br \/>1995 &#8212; \u0130S\u0130MS\u0130Z &#8212; K\u00f6ln Turkish Cultural Center, Germany<br \/>1994 \u2013 \u0130S\u0130MS\u0130Z- Dortmund Turkish Cultural Center, Germany<br \/>1992 \u2013 \u0130S\u0130MS\u0130Z- Darmstadt Fachhochschule, Germany<br \/>1991 \u2013 \u0130S\u0130MS\u0130Z- Gorbon Art Gallery, Istanbul<br \/>1990 \u2013 \u0130S\u0130MS\u0130Z- Organization of Architects Cultural Center, Ankara<\/p>\r\n<h2>En Yeni Karma Sergiler<\/h2>\r\n<p>2024 \u2013 M\u0130SAF\u0130R \u2013 MEYMAN SANAT MERKEZ\u0130 \u2013 Mardin<br \/>2024 \u2013 UPCYCLE \u2013 \u0130STANBUL 2024 \u2013 Gazhane &#8212; \u0130stanbul<br \/>2021 &#8212; COME\u2019E BELLA STASERA LA MIAGIUNGLA DI VETRO &#8211; Giungla Fest, Lucca, Italy<br \/>2021 &#8212; FESTIVAL DELLA LETTERATURA VERDE &#8211; Villa Dolfin Porcia, Italy<br \/>2020 &#8212; TASWIR PROJECT &#8211; \u201c5 o&amp;#39;clock Tea&amp;quot; from the Consul&amp;#39;s Mnemosyne series &#8211; Consul General of Germany, Istanbul, TR<br \/>2020 &#8212; WHEN THE GLOBE IS HOME &#8211; Imago Mundi, Gallerie delle Prigioni, Treviso, Italy<br \/>2019 &#8212; CHOOSE ONLY ONE MASTER \u2013 NATURE &#8211; M\u00fcze Evliyagil Dolapdere, Istanbul, TR<br \/>2018 &#8212; MUHABBET &#8211; MAHALLA FESTIVAL &#8211; Gallery Studio \u201987, Malta<br \/>2015 &#8212; MEINEKLEINEMNEMOSYNE &#8211; Taswir Project, Berlin, DE<br \/>2015 &#8212; BALKON &#8211; Galley Apel, Istanbul, TR<br \/>2014 \u2013 BEN\u0130MLE KAL! &#8211; Apartment Project, Berlin, DE<br \/>2014 &#8212; ONLY THE DEAD HAVE SEEN THE END OF WAR &#8211; \u00c7anakkale Biennial, \u00c7anakkale, TR<\/p>\r\n<p>2014 \u2013 DUYUMSANAB\u0130L\u0130RL\u0130\u011e\u0130N \u0130MGELER\u0130 &#8211; Kuad Gallery, Istanbul, TR<br \/>2013 \u2013 FACEBOOK VES\u0130KASI &#8211; Masa Project, Fottom Photographer,Istanbul, TR<br \/>2013 \u2013 ISKARTA \u2013 Hayaka Art\u0131 &#8212; \u0130stanbul<br \/>2012 \u2013 K\u0130M G\u0130TT\u0130 GER\u0130YE NE KALDI \u2013 Plevne, Ankara<br \/>2011 \u2013 A\u011eA\u00c7 VES\u0130KASI &#8211; Amber\u201911 Art Technology Festival, Istanbul, TR<br \/>2010 &#8212; ARAMIZDAK\u0130 MEKAN \u2013 Sanat Liman\u0131, \u0130stanbul<br \/>2008 &#8212; \u201cBenim ad\u0131m Apel\u201d Galeri Apel !0. y\u0131l sergisi- Frans\u0131z K\u00fclt\u00fcr Merkezi &#8211; \u0130stanbul<br \/>2007 &#8212; \u201cREADING ROOM &#8211; Frankfurt Book Fair, Frankfurt, DE<br \/>2007 &#8212; \u201cSALA LETTURA \u2013 UN ANGOLO\u201d- Seanna, Italy<br \/>2007 &#8212; \u201cEARTH AND FIBRE\u201d- Gallery Apel, Istanbul, TR<br \/>2005 &#8212; IMAGINING THE BOOK INTERNATIONAL BIENALLE &#8211; Bibliotheca Alexandrina, Egypt<br \/>2004 &#8212; \u201cMANAZASHI NO SAKI\u201d- Galeri A.C.S. Nagoya, Japonya<br \/>2004 &#8212; First International Bienalle for Hand Printed Artists Book &#8211; Bibliotheca Alexandrina, Alexandria, Egypt<br \/>2003 &#8212; Contemporary Painting and Sculpture From Turkey &#8211; E.U. Building, Br\u00fcksel BE<br \/>2003 &#8212; \u201cAileye Mahsustur &#8211; Kar\u015f\u0131 Sanat \u00c7al\u0131\u015fmalar\u0131, \u0130stanbul TR<br \/>2003 &#8212; \u201cLal\u201d The Passion of Zahoo Ul Akhlaq\u201d &#8211; Art Gallery Missisauga, CA<br \/>2003 &#8212; 9. WEXFORD ARTIST BOOK EXHIBITION &#8211; Wexford, Ireland<br \/>2000 &#8212; XIV International Art Colony St.Joakim Osogovski &#8211; Makedonya \u201cConnotations\u201d<br \/>2004 &#8212; First International Bienalle for Hand Printed Artists Book &#8211; Bibliotheca Alexandrina, Alexandria, Egypt<br \/>2005 &#8212; \u201c21 Mart Newruz \u201c &#8211; Diyarbak\u0131r Art Center, Diyarbak\u0131r, Turkey<br \/>2000 &#8212; \u201cYurttan Sesler\u201d &#8211; Elhamra Sanat Galerisi, \u0130stanbul<br \/>1997 &#8212; Concept Show &#8211; \u201cChaos\u201d Youth Action 3 &#8211; T\u00fcyap, Istanbul<br \/>1996 &#8212; \u201c\u00d6teki\u201d- HABITAT II, Istanbul<\/p>\r\n<p>[\/vc_column_text][\/vc_column][\/vc_row][vc_row][vc_column][vc_column_text][\/vc_column_text][\/vc_column][\/vc_row]<\/p>","protected":false},"excerpt":{"rendered":"<p>[vc_row][vc_column][vc_column_text][\/vc_column_text][\/vc_column][\/vc_row][vc_row cth_layout=&#8221;aboutme_sec&#8221; css=&#8221;.vc_custom_1637609993035{background-color: #aaaaaa !important;}&#8221;][vc_column offset=&#8221;vc_col-md-5&#8243;][vc_single_image image=&#8221;4176&#8243; img_size=&#8221;full&#8221;][\/vc_column][vc_column offset=&#8221;vc_col-md-6&#8243;][vc_column_text][\/vc_column_text][vc_column_text] Hakk\u0131mda Raziye Kubat Kubat, Malatya&#8217;da do\u011fdu. 1989 y\u0131l\u0131nda Mimar Sinan G\u00fczel Sanatlar \u00dcniversitesi Resim B\u00f6l\u00fcm\u00fc&#8217;nden mezun oldu. Yurt i\u00e7i ve yurt d\u0131\u015f\u0131nda bir\u00e7ok ki\u015fisel sergi a\u00e7t\u0131 ve grup sergilerine kat\u0131ld\u0131. Halen ba\u011f\u0131ms\u0131z sanat\u00e7\u0131 olarak \u00e7al\u0131\u015fmalar\u0131n\u0131 \u0130stanbul\u2019da s\u00fcrd\u00fcrmektedir.[\/vc_column_text][\/vc_column][\/vc_row][vc_row full_height=&#8221;yes&#8221; cth_layout=&#8221;aboutme_sec&#8221; css=&#8221;.vc_custom_1637611696878{background-color: #aaaaaa !important;}&#8221;][vc_column offset=&#8221;vc_col-lg-offset-0 vc_col-lg-12 vc_col-md-6&#8243;][vc_column_text] Baz\u0131 [&hellip;]<\/p>\n","protected":false},"author":1,"featured_media":0,"parent":0,"menu_order":0,"comment_status":"closed","ping_status":"closed","template":"homepage.php","meta":{"footnotes":""},"class_list":["post-2583","page","type-page","status-publish","hentry"],"_links":{"self":[{"href":"https:\/\/www.raziyekubat.com\/tr\/index.php?rest_route=\/wp\/v2\/pages\/2583","targetHints":{"allow":["GET"]}}],"collection":[{"href":"https:\/\/www.raziyekubat.com\/tr\/index.php?rest_route=\/wp\/v2\/pages"}],"about":[{"href":"https:\/\/www.raziyekubat.com\/tr\/index.php?rest_route=\/wp\/v2\/types\/page"}],"author":[{"embeddable":true,"href":"https:\/\/www.raziyekubat.com\/tr\/index.php?rest_route=\/wp\/v2\/users\/1"}],"replies":[{"embeddable":true,"href":"https:\/\/www.raziyekubat.com\/tr\/index.php?rest_route=%2Fwp%2Fv2%2Fcomments&post=2583"}],"version-history":[{"count":26,"href":"https:\/\/www.raziyekubat.com\/tr\/index.php?rest_route=\/wp\/v2\/pages\/2583\/revisions"}],"predecessor-version":[{"id":4203,"href":"https:\/\/www.raziyekubat.com\/tr\/index.php?rest_route=\/wp\/v2\/pages\/2583\/revisions\/4203"}],"wp:attachment":[{"href":"https:\/\/www.raziyekubat.com\/tr\/index.php?rest_route=%2Fwp%2Fv2%2Fmedia&parent=2583"}],"curies":[{"name":"wp","href":"https:\/\/api.w.org\/{rel}","templated":true}]}}