{"id":2591,"date":"2021-11-27T19:38:18","date_gmt":"2021-11-27T19:38:18","guid":{"rendered":"https:\/\/www.raziyekubat.com\/?page_id=2591"},"modified":"2021-11-27T19:40:17","modified_gmt":"2021-11-27T19:40:17","slug":"iletisim","status":"publish","type":"page","link":"https:\/\/www.raziyekubat.com\/tr?page_id=2591","title":{"rendered":"\u0130leti\u015fim"},"content":{"rendered":"<p>[vc_row cth_layout=&#8221;contact2_bg_sec&#8221; css=&#8221;.vc_custom_1637429229148{background-image: url(https:\/\/www.raziyekubat.com\/wp-content\/uploads\/2021\/11\/orman-yok-scaled.jpg?id=2429) !important;}&#8221;][vc_column css=&#8221;.vc_custom_1446740174244{padding-bottom: 60px !important;}&#8221;][vc_column_text]<\/p>\n<h2>\u0130leti\u015fim<\/h2>\n<div class=\"separator\"><\/div>\n<p>[\/vc_column_text][\/vc_column][vc_column offset=&#8221;vc_col-md-4&#8243;][vc_column_text]Form \u00fczerinden yazm\u0131\u015f olduklar\u0131n\u0131za<br \/>\nen k\u0131sa s\u00fcrede yan\u0131t verece\u011fim.[\/vc_column_text][\/vc_column][vc_column offset=&#8221;vc_col-md-8&#8243;]\n<div class=\"wpcf7 no-js\" id=\"wpcf7-f2596-o1\" lang=\"en-US\" dir=\"ltr\" data-wpcf7-id=\"2596\">\n<div class=\"screen-reader-response\"><p role=\"status\" aria-live=\"polite\" aria-atomic=\"true\"><\/p> <ul><\/ul><\/div>\n<form action=\"\/tr\/index.php?rest_route=%2Fwp%2Fv2%2Fpages%2F2591#wpcf7-f2596-o1\" method=\"post\" class=\"wpcf7-form init\" aria-label=\"Contact form\" novalidate=\"novalidate\" data-status=\"init\">\n<div style=\"display: none;\">\n<input type=\"hidden\" name=\"_wpcf7\" value=\"2596\" \/>\n<input type=\"hidden\" name=\"_wpcf7_version\" value=\"6.0.4\" \/>\n<input type=\"hidden\" name=\"_wpcf7_locale\" value=\"en_US\" \/>\n<input type=\"hidden\" name=\"_wpcf7_unit_tag\" value=\"wpcf7-f2596-o1\" \/>\n<input type=\"hidden\" name=\"_wpcf7_container_post\" value=\"0\" \/>\n<input type=\"hidden\" name=\"_wpcf7_posted_data_hash\" value=\"\" \/>\n<\/div>\n<div id=\"contact-form\">\n\t<p><span class=\"wpcf7-form-control-wrap\" data-name=\"your-name\"><input size=\"40\" maxlength=\"400\" class=\"wpcf7-form-control wpcf7-text wpcf7-validates-as-required\" aria-required=\"true\" aria-invalid=\"false\" placeholder=\"\u0130sminiz\" value=\"\" type=\"text\" name=\"your-name\" \/><\/span><span class=\"wpcf7-form-control-wrap\" data-name=\"your-email\"><input size=\"40\" maxlength=\"400\" class=\"wpcf7-form-control wpcf7-email wpcf7-validates-as-required wpcf7-text wpcf7-validates-as-email\" aria-required=\"true\" aria-invalid=\"false\" placeholder=\"E-mail\" value=\"\" type=\"email\" name=\"your-email\" \/><\/span><span class=\"wpcf7-form-control-wrap\" data-name=\"your-message\"><textarea cols=\"40\" rows=\"10\" maxlength=\"2000\" class=\"wpcf7-form-control wpcf7-textarea wpcf7-validates-as-required\" aria-required=\"true\" aria-invalid=\"false\" placeholder=\"Mesaj\u0131n\u0131z\" name=\"your-message\"><\/textarea><\/span><input class=\"wpcf7-form-control wpcf7-submit has-spinner send_message transition\" type=\"submit\" value=\"G\u00f6nder\" \/>\n\t<\/p>\n<\/div><div class=\"wpcf7-response-output\" aria-hidden=\"true\"><\/div>\n<\/form>\n<\/div>\n[\/vc_column][\/vc_row]<\/p>\n","protected":false},"excerpt":{"rendered":"<p>[vc_row cth_layout=&#8221;contact2_bg_sec&#8221; css=&#8221;.vc_custom_1637429229148{background-image: url(https:\/\/www.raziyekubat.com\/wp-content\/uploads\/2021\/11\/orman-yok-scaled.jpg?id=2429) !important;}&#8221;][vc_column css=&#8221;.vc_custom_1446740174244{padding-bottom: 60px !important;}&#8221;][vc_column_text] \u0130leti\u015fim [\/vc_column_text][\/vc_column][vc_column offset=&#8221;vc_col-md-4&#8243;][vc_column_text]Form \u00fczerinden yazm\u0131\u015f olduklar\u0131n\u0131za en k\u0131sa s\u00fcrede yan\u0131t verece\u011fim.[\/vc_column_text][\/vc_column][vc_column offset=&#8221;vc_col-md-8&#8243;][\/vc_column][\/vc_row]<\/p>\n","protected":false},"author":1,"featured_media":0,"parent":0,"menu_order":0,"comment_status":"closed","ping_status":"closed","template":"homepage.php","meta":{"footnotes":""},"class_list":["post-2591","page","type-page","status-publish","hentry"],"_links":{"self":[{"href":"https:\/\/www.raziyekubat.com\/tr\/index.php?rest_route=\/wp\/v2\/pages\/2591","targetHints":{"allow":["GET"]}}],"collection":[{"href":"https:\/\/www.raziyekubat.com\/tr\/index.php?rest_route=\/wp\/v2\/pages"}],"about":[{"href":"https:\/\/www.raziyekubat.com\/tr\/index.php?rest_route=\/wp\/v2\/types\/page"}],"author":[{"embeddable":true,"href":"https:\/\/www.raziyekubat.com\/tr\/index.php?rest_route=\/wp\/v2\/users\/1"}],"replies":[{"embeddable":true,"href":"https:\/\/www.raziyekubat.com\/tr\/index.php?rest_route=%2Fwp%2Fv2%2Fcomments&post=2591"}],"version-history":[{"count":0,"href":"https:\/\/www.raziyekubat.com\/tr\/index.php?rest_route=\/wp\/v2\/pages\/2591\/revisions"}],"wp:attachment":[{"href":"https:\/\/www.raziyekubat.com\/tr\/index.php?rest_route=%2Fwp%2Fv2%2Fmedia&parent=2591"}],"curies":[{"name":"wp","href":"https:\/\/api.w.org\/{rel}","templated":true}]}}