{"id":2598,"date":"2021-11-27T19:44:14","date_gmt":"2021-11-27T19:44:14","guid":{"rendered":"https:\/\/www.raziyekubat.com\/?page_id=2598"},"modified":"2025-02-20T06:52:59","modified_gmt":"2025-02-20T06:52:59","slug":"anasayfa","status":"publish","type":"page","link":"https:\/\/www.raziyekubat.com\/tr","title":{"rendered":"Anasayfa"},"content":{"rendered":"<p>[vc_row full_width=&#8221;stretch_row&#8221; cth_layout=&#8221;home_sec&#8221;][vc_column el_class=&#8221;full-height&#8221; css=&#8221;.vc_custom_1444835266578{padding-right: 0px !important;padding-left: 0px !important;}&#8221;][outdoor_home_swiper loop=&#8221;true&#8221;][outdoor_home_swiper_item slideimg=&#8221;3974&#8243;]<\/p>\n<h3 class=\"transition\"><a href=\"https:\/\/www.raziyekubat.com\/tr\/?portfolio=tas-kafa-zaman-yolcusu\">Ta\u015f Kafa &#8211; Zaman Yolcusu<\/a><\/h3>\n<h4><a href=\"https:\/\/www.raziyekubat.com\/tr\/?portfolio=tas-kafa-zaman-yolcusu\">\u0130ncele<\/a><\/h4>\n<p>[\/outdoor_home_swiper_item][outdoor_home_swiper_item slideimg=&#8221;2032&#8243;]<\/p>\n<h3 class=\"transition\"><a href=\"https:\/\/www.raziyekubat.com\/tr?portfolio=gece-ucusu\">Gece U\u00e7u\u015fu<\/a><\/h3>\n<h4><a href=\"https:\/\/www.raziyekubat.com\/tr?portfolio=gece-ucusu\">\u0130ncele<\/a><\/h4>\n<p>[\/outdoor_home_swiper_item][outdoor_home_swiper_item slideimg=&#8221;2011&#8243;]<\/p>\n<h3 class=\"transition\"><a href=\"https:\/\/www.raziyekubat.com\/tr?portfolio=tek-bir-usta-sec-doga\">Tek Bir Usta Se\u00e7 &#8211; Do\u011fa<\/a><\/h3>\n<h4><a href=\"https:\/\/www.raziyekubat.com\/tr?portfolio=tek-bir-usta-sec-doga\">\u0130ncele<\/a><\/h4>\n<p>[\/outdoor_home_swiper_item][outdoor_home_swiper_item slideimg=&#8221;1676&#8243;]<\/p>\n<h3 class=\"transition\"><a href=\"https:\/\/www.raziyekubat.com\/tr?portfolio=irgat\">Irgat<\/a><\/h3>\n<h4><a href=\"https:\/\/www.raziyekubat.com\/tr?portfolio=irgat\">\u0130ncele<\/a><\/h4>\n<p>[\/outdoor_home_swiper_item][outdoor_home_swiper_item slideimg=&#8221;2245&#8243;]<\/p>\n<h3 class=\"transition\"><a href=\"https:\/\/www.raziyekubat.com\/tr?portfolio=cagrilmayan-yusuf\">Yusuf&#8217;un Hikayesi<\/a><\/h3>\n<h4><a href=\"https:\/\/www.raziyekubat.com\/tr?portfolio=cagrilmayan-yusuf\">\u0130ncele<\/a><\/h4>\n<p>[\/outdoor_home_swiper_item][outdoor_home_swiper_item slideimg=&#8221;2212&#8243;]<\/p>\n<h3 class=\"transition\"><a href=\"https:\/\/www.raziyekubat.com\/tr?portfolio=bana-masal-anlatma\">Bana Masal Anlatma<\/a><\/h3>\n<h4><a href=\"https:\/\/www.raziyekubat.com\/tr?portfolio=bana-masal-anlatma\">\u0130ncele<\/a><\/h4>\n<p>[\/outdoor_home_swiper_item][outdoor_home_swiper_item slideimg=&#8221;2234&#8243;]<\/p>\n<h3 class=\"transition\"><a href=\"https:\/\/www.raziyekubat.com\/tr?portfolio=iccephe\">\u0130\u00c7cephe<\/a><\/h3>\n<h4><a href=\"https:\/\/www.raziyekubat.com\/tr?portfolio=iccephe\">\u0130ncele<\/a><\/h4>\n<p>[\/outdoor_home_swiper_item][outdoor_home_swiper_item slideimg=&#8221;2531&#8243;]<\/p>\n<h3 class=\"transition\"><a href=\"https:\/\/www.raziyekubat.com\/tr?portfolio=baskilar\">Bask\u0131lar<\/a><\/h3>\n<h4><a href=\"https:\/\/www.raziyekubat.com\/tr?portfolio=baskilar\">\u0130ncele<\/a><\/h4>\n<p>[\/outdoor_home_swiper_item][\/outdoor_home_swiper][\/vc_column][\/vc_row]<\/p>\n","protected":false},"excerpt":{"rendered":"<p>[vc_row full_width=&#8221;stretch_row&#8221; cth_layout=&#8221;home_sec&#8221;][vc_column el_class=&#8221;full-height&#8221; css=&#8221;.vc_custom_1444835266578{padding-right: 0px !important;padding-left: 0px !important;}&#8221;][outdoor_home_swiper loop=&#8221;true&#8221;][outdoor_home_swiper_item slideimg=&#8221;3974&#8243;] Ta\u015f Kafa &#8211; Zaman Yolcusu \u0130ncele [\/outdoor_home_swiper_item][outdoor_home_swiper_item slideimg=&#8221;2032&#8243;] Gece U\u00e7u\u015fu \u0130ncele [\/outdoor_home_swiper_item][outdoor_home_swiper_item slideimg=&#8221;2011&#8243;] Tek Bir Usta Se\u00e7 &#8211; Do\u011fa \u0130ncele [\/outdoor_home_swiper_item][outdoor_home_swiper_item slideimg=&#8221;1676&#8243;] Irgat \u0130ncele [\/outdoor_home_swiper_item][outdoor_home_swiper_item slideimg=&#8221;2245&#8243;] Yusuf&#8217;un Hikayesi \u0130ncele [\/outdoor_home_swiper_item][outdoor_home_swiper_item slideimg=&#8221;2212&#8243;] Bana Masal Anlatma \u0130ncele [\/outdoor_home_swiper_item][outdoor_home_swiper_item slideimg=&#8221;2234&#8243;] \u0130\u00c7cephe \u0130ncele [\/outdoor_home_swiper_item][outdoor_home_swiper_item slideimg=&#8221;2531&#8243;] Bask\u0131lar \u0130ncele [\/outdoor_home_swiper_item][\/outdoor_home_swiper][\/vc_column][\/vc_row]<\/p>\n","protected":false},"author":1,"featured_media":0,"parent":0,"menu_order":0,"comment_status":"closed","ping_status":"closed","template":"homepage-fiximageheight.php","meta":{"footnotes":""},"class_list":["post-2598","page","type-page","status-publish","hentry"],"_links":{"self":[{"href":"https:\/\/www.raziyekubat.com\/tr\/index.php?rest_route=\/wp\/v2\/pages\/2598","targetHints":{"allow":["GET"]}}],"collection":[{"href":"https:\/\/www.raziyekubat.com\/tr\/index.php?rest_route=\/wp\/v2\/pages"}],"about":[{"href":"https:\/\/www.raziyekubat.com\/tr\/index.php?rest_route=\/wp\/v2\/types\/page"}],"author":[{"embeddable":true,"href":"https:\/\/www.raziyekubat.com\/tr\/index.php?rest_route=\/wp\/v2\/users\/1"}],"replies":[{"embeddable":true,"href":"https:\/\/www.raziyekubat.com\/tr\/index.php?rest_route=%2Fwp%2Fv2%2Fcomments&post=2598"}],"version-history":[{"count":3,"href":"https:\/\/www.raziyekubat.com\/tr\/index.php?rest_route=\/wp\/v2\/pages\/2598\/revisions"}],"predecessor-version":[{"id":4033,"href":"https:\/\/www.raziyekubat.com\/tr\/index.php?rest_route=\/wp\/v2\/pages\/2598\/revisions\/4033"}],"wp:attachment":[{"href":"https:\/\/www.raziyekubat.com\/tr\/index.php?rest_route=%2Fwp%2Fv2%2Fmedia&parent=2598"}],"curies":[{"name":"wp","href":"https:\/\/api.w.org\/{rel}","templated":true}]}}